{"id":23825,"date":"2022-01-07T15:56:06","date_gmt":"2022-01-07T12:56:06","guid":{"rendered":"https:\/\/biznes-invest.com\/?page_id=23825"},"modified":"2024-05-23T16:53:01","modified_gmt":"2024-05-23T13:53:01","slug":"kontakty","status":"publish","type":"page","link":"https:\/\/biznes-invest.com\/pl\/kontakt\/","title":{"rendered":"\u0141\u0105czno\u015b\u0107"},"content":{"rendered":"<div class=\"wpforms-container wpforms-container-full\" id=\"wpforms-1184\"><form id=\"wpforms-form-1184\" class=\"wpforms-validate wpforms-form\" data-formid=\"1184\" method=\"post\" enctype=\"multipart\/form-data\" action=\"\/pl\/wp-json\/wp\/v2\/pages\/23825\" data-token=\"cd3bccef4b439d087c47509dbb71e188\" data-token-time=\"1777423635\"><noscript class=\"wpforms-error-noscript\">Aby wype\u0142ni\u0107 ten formularz, w\u0142\u0105cz obs\u0142ug\u0119 JavaScript w przegl\u0105darce.<\/noscript><div class=\"wpforms-field-container\"><div id=\"wpforms-1184-field_3-container\" class=\"wpforms-field wpforms-field-text\" data-field-id=\"3\"><label class=\"wpforms-field-label\" for=\"wpforms-1184-field_3\">\u0418\u043c\u044f<\/label><input type=\"text\" id=\"wpforms-1184-field_3\" class=\"wpforms-field-medium\" name=\"wpforms[fields][3]\" ><\/div><div id=\"wpforms-1184-field_1-container\" class=\"wpforms-field wpforms-field-email\" data-field-id=\"1\"><label class=\"wpforms-field-label\" for=\"wpforms-1184-field_1\">Email <span class=\"wpforms-required-label\">*<\/span><\/label><input type=\"email\" id=\"wpforms-1184-field_1\" class=\"wpforms-field-medium wpforms-field-required\" name=\"wpforms[fields][1]\" spellcheck=\"false\" required><\/div><div id=\"wpforms-1184-field_2-container\" class=\"wpforms-field wpforms-field-textarea\" data-field-id=\"2\"><label class=\"wpforms-field-label\" for=\"wpforms-1184-field_2\">\u0421\u043e\u043e\u0431\u0449\u0435\u043d\u0438\u0435 <span class=\"wpforms-required-label\">*<\/span><\/label><textarea id=\"wpforms-1184-field_2\" class=\"wpforms-field-medium wpforms-field-required\" name=\"wpforms[fields][2]\" required><\/textarea><\/div><\/div><!-- .wpforms-field-container --><div class=\"wpforms-recaptcha-container wpforms-is-recaptcha wpforms-is-recaptcha-type-v3\" ><input type=\"hidden\" name=\"wpforms[recaptcha]\" value=\"\"><\/div><div class=\"wpforms-submit-container\" ><input type=\"hidden\" name=\"wpforms[id]\" value=\"1184\"><input type=\"hidden\" name=\"page_title\" value=\"\"><input type=\"hidden\" name=\"page_url\" value=\"https:\/\/biznes-invest.com\/pl\/wp-json\/wp\/v2\/pages\/23825\"><input type=\"hidden\" name=\"url_referer\" value=\"\"><button type=\"submit\" name=\"wpforms[submit]\" id=\"wpforms-submit-1184\" class=\"wpforms-submit\" data-alt-text=\"\u043e\u0442\u043f\u0440\u0430\u0432\u043a\u0430...\" data-submit-text=\"\u041e\u0442\u043f\u0440\u0430\u0432\u0438\u0442\u044c\" aria-live=\"assertive\" value=\"wpforms-submit\">\u041e\u0442\u043f\u0440\u0430\u0432\u0438\u0442\u044c<\/button><\/div><\/form><\/div>  <!-- .wpforms-container -->\n\n\n\n<p>\u0420\u043e\u0441\u0441\u0438\u044f, \u0410\u0434\u0430\u0441\u044c\u043a\u043e, \u0418\u0441\u0442\u0440\u0430, \u041c\u043e\u0441\u043a\u043e\u0432\u0441\u043a\u0430\u044f \u043e\u0431\u043b., \u0420\u043e\u0441\u0441\u0438\u044f, 143500<\/p>\n","protected":false},"excerpt":{"rendered":"<p>\u0420\u043e\u0441\u0441\u0438\u044f, \u0410\u0434\u0430\u0441\u044c\u043a\u043e, \u0418\u0441\u0442\u0440\u0430, \u041c\u043e\u0441\u043a\u043e\u0432\u0441\u043a\u0430\u044f \u043e\u0431\u043b., \u0420\u043e\u0441\u0441\u0438\u044f, 143500<\/p>","protected":false},"author":2,"featured_media":0,"parent":0,"menu_order":0,"comment_status":"closed","ping_status":"closed","template":"","meta":{"site-sidebar-layout":"default","site-content-layout":"","ast-site-content-layout":"default","site-content-style":"default","site-sidebar-style":"default","ast-global-header-display":"","ast-banner-title-visibility":"","ast-main-header-display":"","ast-hfb-above-header-display":"","ast-hfb-below-header-display":"","ast-hfb-mobile-header-display":"","site-post-title":"","ast-breadcrumbs-content":"","ast-featured-img":"","footer-sml-layout":"","ast-disable-related-posts":"","theme-transparent-header-meta":"","adv-header-id-meta":"","stick-header-meta":"","header-above-stick-meta":"","header-main-stick-meta":"","header-below-stick-meta":"","astra-migrate-meta-layouts":"default","ast-page-background-enabled":"default","ast-page-background-meta":{"desktop":{"background-color":"var(--ast-global-color-4)","background-image":"","background-repeat":"repeat","background-position":"center center","background-size":"auto","background-attachment":"scroll","background-type":"","background-media":"","overlay-type":"","overlay-color":"","overlay-opacity":"","overlay-gradient":""},"tablet":{"background-color":"","background-image":"","background-repeat":"repeat","background-position":"center center","background-size":"auto","background-attachment":"scroll","background-type":"","background-media":"","overlay-type":"","overlay-color":"","overlay-opacity":"","overlay-gradient":""},"mobile":{"background-color":"","background-image":"","background-repeat":"repeat","background-position":"center center","background-size":"auto","background-attachment":"scroll","background-type":"","background-media":"","overlay-type":"","overlay-color":"","overlay-opacity":"","overlay-gradient":""}},"ast-content-background-meta":{"desktop":{"background-color":"var(--ast-global-color-5)","background-image":"","background-repeat":"repeat","background-position":"center center","background-size":"auto","background-attachment":"scroll","background-type":"","background-media":"","overlay-type":"","overlay-color":"","overlay-opacity":"","overlay-gradient":""},"tablet":{"background-color":"var(--ast-global-color-5)","background-image":"","background-repeat":"repeat","background-position":"center center","background-size":"auto","background-attachment":"scroll","background-type":"","background-media":"","overlay-type":"","overlay-color":"","overlay-opacity":"","overlay-gradient":""},"mobile":{"background-color":"var(--ast-global-color-5)","background-image":"","background-repeat":"repeat","background-position":"center center","background-size":"auto","background-attachment":"scroll","background-type":"","background-media":"","overlay-type":"","overlay-color":"","overlay-opacity":"","overlay-gradient":""}},"footnotes":""},"class_list":["post-23825","page","type-page","status-publish","hentry"],"yoast_head":"<!-- This site is optimized with the Yoast SEO Premium plugin v18.4 (Yoast SEO v27.5) - https:\/\/yoast.com\/product\/yoast-seo-premium-wordpress\/ -->\n<title>\u041a\u043e\u043d\u0442\u0430\u043a\u0442\u044b<\/title>\n<meta name=\"description\" content=\"\u041a\u043e\u043d\u0442\u0430\u043a\u0442\u044b \u0420\u043e\u0441\u0441\u0438\u044f, \u0410\u0434\u0430\u0441\u044c\u043a\u043e, \u0418\u0441\u0442\u0440\u0430, \u041c\u043e\u0441\u043a\u043e\u0432\u0441\u043a\u0430\u044f \u043e\u0431\u043b., \u0420\u043e\u0441\u0441\u0438\u044f, 143500\" \/>\n<meta name=\"robots\" content=\"index, follow, max-snippet:-1, max-image-preview:large, max-video-preview:-1\" \/>\n<link rel=\"canonical\" href=\"https:\/\/biznes-invest.com\/pl\/kontakt\/\" \/>\n<meta property=\"og:locale\" content=\"pl_PL\" \/>\n<meta property=\"og:type\" content=\"article\" \/>\n<meta property=\"og:title\" content=\"\u041a\u043e\u043d\u0442\u0430\u043a\u0442\u044b\" \/>\n<meta property=\"og:description\" content=\"\u041a\u043e\u043d\u0442\u0430\u043a\u0442\u044b \u0420\u043e\u0441\u0441\u0438\u044f, \u0410\u0434\u0430\u0441\u044c\u043a\u043e, \u0418\u0441\u0442\u0440\u0430, \u041c\u043e\u0441\u043a\u043e\u0432\u0441\u043a\u0430\u044f \u043e\u0431\u043b., \u0420\u043e\u0441\u0441\u0438\u044f, 143500\" \/>\n<meta property=\"og:url\" content=\"https:\/\/biznes-invest.com\/pl\/kontakt\/\" \/>\n<meta property=\"og:site_name\" content=\"\u0411\u0438\u0437\u043d\u0435\u0441 \u0438 \u0438\u043d\u0432\u0435\u0441\u0442\u0438\u0446\u0438\u0438\" \/>\n<meta property=\"article:publisher\" content=\"https:\/\/www.facebook.com\/bisnesinvest\" \/>\n<meta property=\"article:modified_time\" content=\"2024-05-23T13:53:01+00:00\" \/>\n<meta name=\"twitter:card\" content=\"summary_large_image\" \/>\n<meta name=\"twitter:label1\" content=\"Szacowany czas czytania\" \/>\n\t<meta name=\"twitter:data1\" content=\"1 minuta\" \/>\n<script type=\"application\/ld+json\" class=\"yoast-schema-graph\">{\"@context\":\"https:\\\/\\\/schema.org\",\"@graph\":[{\"@type\":\"WebPage\",\"@id\":\"https:\\\/\\\/biznes-invest.com\\\/kontakty\\\/\",\"url\":\"https:\\\/\\\/biznes-invest.com\\\/kontakty\\\/\",\"name\":\"\u041a\u043e\u043d\u0442\u0430\u043a\u0442\u044b\",\"isPartOf\":{\"@id\":\"https:\\\/\\\/biznes-invest.com\\\/#website\"},\"datePublished\":\"2022-01-07T12:56:06+00:00\",\"dateModified\":\"2024-05-23T13:53:01+00:00\",\"description\":\"\u041a\u043e\u043d\u0442\u0430\u043a\u0442\u044b \u0420\u043e\u0441\u0441\u0438\u044f, \u0410\u0434\u0430\u0441\u044c\u043a\u043e, \u0418\u0441\u0442\u0440\u0430, \u041c\u043e\u0441\u043a\u043e\u0432\u0441\u043a\u0430\u044f \u043e\u0431\u043b., \u0420\u043e\u0441\u0441\u0438\u044f, 143500\",\"inLanguage\":\"pl-PL\",\"potentialAction\":[{\"@type\":\"ReadAction\",\"target\":[\"https:\\\/\\\/biznes-invest.com\\\/kontakty\\\/\"]}]},{\"@type\":\"WebSite\",\"@id\":\"https:\\\/\\\/biznes-invest.com\\\/#website\",\"url\":\"https:\\\/\\\/biznes-invest.com\\\/\",\"name\":\"\u0411\u0438\u0437\u043d\u0435\u0441 \u0438 \u0438\u043d\u0432\u0435\u0441\u0442\u0438\u0446\u0438\u0438\",\"description\":\"\u041f\u043e\u0440\u0442\u0430\u043b - \u0430\u0433\u0440\u0435\u0433\u0430\u0442\u043e\u0440 \u0431\u0438\u0437\u043d\u0435\u0441 \u043d\u043e\u0432\u043e\u0441\u0442\u0435\u0439 \u043e\u043d\u043b\u0430\u0439\u043d, \u043f\u043e\u0441\u043b\u0435\u0434\u043d\u0438\u0435 \u0441\u043e\u0431\u044b\u0442\u0438\u044f \u0444\u043e\u0440\u0435\u043a\u0441, \u0438\u043d\u0434\u0435\u043a\u0441\u044b, \u0440\u044b\u043d\u043e\u043a \u0430\u043a\u0446\u0438\u0439 \u0438 \u043a\u0440\u0438\u043f\u0442\u043e\u0432\u0430\u043b\u044e\u0442\u044b\",\"publisher\":{\"@id\":\"https:\\\/\\\/biznes-invest.com\\\/#organization\"},\"potentialAction\":[{\"@type\":\"SearchAction\",\"target\":{\"@type\":\"EntryPoint\",\"urlTemplate\":\"https:\\\/\\\/biznes-invest.com\\\/?s={search_term_string}\"},\"query-input\":{\"@type\":\"PropertyValueSpecification\",\"valueRequired\":true,\"valueName\":\"search_term_string\"}}],\"inLanguage\":\"pl-PL\"},{\"@type\":\"Organization\",\"@id\":\"https:\\\/\\\/biznes-invest.com\\\/#organization\",\"name\":\"Biznes-Invest.com\",\"url\":\"https:\\\/\\\/biznes-invest.com\\\/\",\"logo\":{\"@type\":\"ImageObject\",\"inLanguage\":\"pl-PL\",\"@id\":\"https:\\\/\\\/biznes-invest.com\\\/#\\\/schema\\\/logo\\\/image\\\/\",\"url\":\"http:\\\/\\\/biznes-invest.com\\\/wp-content\\\/uploads\\\/2022\\\/11\\\/biz.jpeg\",\"contentUrl\":\"http:\\\/\\\/biznes-invest.com\\\/wp-content\\\/uploads\\\/2022\\\/11\\\/biz.jpeg\",\"width\":1280,\"height\":846,\"caption\":\"Biznes-Invest.com\"},\"image\":{\"@id\":\"https:\\\/\\\/biznes-invest.com\\\/#\\\/schema\\\/logo\\\/image\\\/\"},\"sameAs\":[\"https:\\\/\\\/www.facebook.com\\\/bisnesinvest\",\"https:\\\/\\\/vk.com\\\/biznesinvestcom\"]}]}<\/script>\n<!-- \/ Yoast SEO Premium plugin. -->","yoast_head_json":{"title":"\u0141\u0105czno\u015b\u0107","description":"\u041a\u043e\u043d\u0442\u0430\u043a\u0442\u044b \u0420\u043e\u0441\u0441\u0438\u044f, \u0410\u0434\u0430\u0441\u044c\u043a\u043e, \u0418\u0441\u0442\u0440\u0430, \u041c\u043e\u0441\u043a\u043e\u0432\u0441\u043a\u0430\u044f \u043e\u0431\u043b., \u0420\u043e\u0441\u0441\u0438\u044f, 143500","robots":{"index":"index","follow":"follow","max-snippet":"max-snippet:-1","max-image-preview":"max-image-preview:large","max-video-preview":"max-video-preview:-1"},"canonical":"https:\/\/biznes-invest.com\/pl\/kontakt\/","og_locale":"pl_PL","og_type":"article","og_title":"\u041a\u043e\u043d\u0442\u0430\u043a\u0442\u044b","og_description":"\u041a\u043e\u043d\u0442\u0430\u043a\u0442\u044b \u0420\u043e\u0441\u0441\u0438\u044f, \u0410\u0434\u0430\u0441\u044c\u043a\u043e, \u0418\u0441\u0442\u0440\u0430, \u041c\u043e\u0441\u043a\u043e\u0432\u0441\u043a\u0430\u044f \u043e\u0431\u043b., \u0420\u043e\u0441\u0441\u0438\u044f, 143500","og_url":"https:\/\/biznes-invest.com\/pl\/kontakt\/","og_site_name":"\u0411\u0438\u0437\u043d\u0435\u0441 \u0438 \u0438\u043d\u0432\u0435\u0441\u0442\u0438\u0446\u0438\u0438","article_publisher":"https:\/\/www.facebook.com\/bisnesinvest","article_modified_time":"2024-05-23T13:53:01+00:00","twitter_card":"summary_large_image","twitter_misc":{"Szacowany czas czytania":"1 minuta"},"schema":{"@context":"https:\/\/schema.org","@graph":[{"@type":"WebPage","@id":"https:\/\/biznes-invest.com\/kontakty\/","url":"https:\/\/biznes-invest.com\/kontakty\/","name":"\u0141\u0105czno\u015b\u0107","isPartOf":{"@id":"https:\/\/biznes-invest.com\/#website"},"datePublished":"2022-01-07T12:56:06+00:00","dateModified":"2024-05-23T13:53:01+00:00","description":"\u041a\u043e\u043d\u0442\u0430\u043a\u0442\u044b \u0420\u043e\u0441\u0441\u0438\u044f, \u0410\u0434\u0430\u0441\u044c\u043a\u043e, \u0418\u0441\u0442\u0440\u0430, \u041c\u043e\u0441\u043a\u043e\u0432\u0441\u043a\u0430\u044f \u043e\u0431\u043b., \u0420\u043e\u0441\u0441\u0438\u044f, 143500","inLanguage":"pl-PL","potentialAction":[{"@type":"ReadAction","target":["https:\/\/biznes-invest.com\/kontakty\/"]}]},{"@type":"WebSite","@id":"https:\/\/biznes-invest.com\/#website","url":"https:\/\/biznes-invest.com\/","name":"Biznes i inwestycje","description":"Portal - agregator aktualno\u015bci biznesowych online, najnowszych wydarze\u0144 forex, indeks\u00f3w, gie\u0142dy i kryptowalut","publisher":{"@id":"https:\/\/biznes-invest.com\/#organization"},"potentialAction":[{"@type":"SearchAction","target":{"@type":"EntryPoint","urlTemplate":"https:\/\/biznes-invest.com\/?s={search_term_string}"},"query-input":{"@type":"PropertyValueSpecification","valueRequired":true,"valueName":"search_term_string"}}],"inLanguage":"pl-PL"},{"@type":"Organization","@id":"https:\/\/biznes-invest.com\/#organization","name":"Business-Invest.pl","url":"https:\/\/biznes-invest.com\/","logo":{"@type":"ImageObject","inLanguage":"pl-PL","@id":"https:\/\/biznes-invest.com\/#\/schema\/logo\/image\/","url":"http:\/\/biznes-invest.com\/wp-content\/uploads\/2022\/11\/biz.jpeg","contentUrl":"http:\/\/biznes-invest.com\/wp-content\/uploads\/2022\/11\/biz.jpeg","width":1280,"height":846,"caption":"Biznes-Invest.com"},"image":{"@id":"https:\/\/biznes-invest.com\/#\/schema\/logo\/image\/"},"sameAs":["https:\/\/www.facebook.com\/bisnesinvest","https:\/\/vk.com\/biznesinvestcom"]}]}},"amp_enabled":true,"_links":{"self":[{"href":"https:\/\/biznes-invest.com\/pl\/wp-json\/wp\/v2\/pages\/23825","targetHints":{"allow":["GET"]}}],"collection":[{"href":"https:\/\/biznes-invest.com\/pl\/wp-json\/wp\/v2\/pages"}],"about":[{"href":"https:\/\/biznes-invest.com\/pl\/wp-json\/wp\/v2\/types\/page"}],"author":[{"embeddable":true,"href":"https:\/\/biznes-invest.com\/pl\/wp-json\/wp\/v2\/users\/2"}],"replies":[{"embeddable":true,"href":"https:\/\/biznes-invest.com\/pl\/wp-json\/wp\/v2\/comments?post=23825"}],"version-history":[{"count":2,"href":"https:\/\/biznes-invest.com\/pl\/wp-json\/wp\/v2\/pages\/23825\/revisions"}],"predecessor-version":[{"id":136248,"href":"https:\/\/biznes-invest.com\/pl\/wp-json\/wp\/v2\/pages\/23825\/revisions\/136248"}],"wp:attachment":[{"href":"https:\/\/biznes-invest.com\/pl\/wp-json\/wp\/v2\/media?parent=23825"}],"curies":[{"name":"wp","href":"https:\/\/api.w.org\/{rel}","templated":true}]}}